{"id":1017,"date":"2023-05-06T14:17:41","date_gmt":"2023-05-06T14:17:41","guid":{"rendered":"http:\/\/ejahan.org\/?page_id=1017"},"modified":"2024-03-25T13:46:56","modified_gmt":"2024-03-25T13:46:56","slug":"volume-x-issue-iv-april-2021","status":"publish","type":"page","link":"http:\/\/ejahan.eu\/index.php\/volume-x-issue-iv-april-2021\/","title":{"rendered":"Volume X, Issue IV, April\/2021"},"content":{"rendered":"\n<ol class=\"wp-block-list\">\n<li><a rel=\"noreferrer noopener\" href=\"https:\/\/drive.google.com\/file\/d\/1Crn1KWvaqAyLpWwXjzjz_8GmpkHlmYgM\/view?usp=share_link\" target=\"_blank\">CLASS ROOM BEHAVOIUR OF CHILDREN-A STUDY<br><\/a>G.Balaji; Osmania University, Hyderabad, Telangana State<br>Page No:1-4<a rel=\"noreferrer noopener\" href=\"https:\/\/drive.google.com\/file\/d\/1Crn1KWvaqAyLpWwXjzjz_8GmpkHlmYgM\/view?usp=share_link\" target=\"_blank\"><br>DOI:16.0002.AD.2021.V9I4.000346.00852<\/a><br><\/li>\n\n\n\n<li><a rel=\"noreferrer noopener\" href=\"https:\/\/drive.google.com\/file\/d\/1jhyiE6nJMNFzlzU2tiTtCsXyWB1JOy0C\/view?usp=share_link\" target=\"_blank\">Der R\u00fcckgang der Pflanzendiversit\u00e4t in einer l\u00e4ndlichen Region Deutschlands \u2013 eine Rekonstruktion anhand einer Herbarsammlung<br><\/a>Thomas Gregor, Stefan Dressler, Kai Uwe Nierbauer,Georg Zizka; n, Senckenberg Research Institute, Senckenberganlage 25, 60325 Frankfurt\/Main, Germany<br>Page No:5-18<a rel=\"noreferrer noopener\" href=\"https:\/\/drive.google.com\/file\/d\/1jhyiE6nJMNFzlzU2tiTtCsXyWB1JOy0C\/view?usp=share_link\" target=\"_blank\"><br>DOI:16.0002.AD.2021.V9I4.000346.00853<\/a><br><\/li>\n\n\n\n<li><a href=\"https:\/\/drive.google.com\/file\/d\/1r2n_d5b7mqvlRXRvwLJ7K1--kPEHOD0Q\/view?usp=share_link\" target=\"_blank\" rel=\"noreferrer noopener\">Study on Wind and PV Hybrid Renewable Energy Systems<br><\/a>Archana N, Anupamma K I;PSG College of Technology, Coimbatore, India.<br>Page No:19-23<a href=\"https:\/\/drive.google.com\/file\/d\/1r2n_d5b7mqvlRXRvwLJ7K1--kPEHOD0Q\/view?usp=share_link\" target=\"_blank\" rel=\"noreferrer noopener\"><br>DOI:16.0002.AD.2021.V9I4.000346.00854<\/a><br><\/li>\n\n\n\n<li><a rel=\"noreferrer noopener\" href=\"https:\/\/drive.google.com\/file\/d\/1jTAvxLbT6shmdIQTmRJnhliIAwUOUlCY\/view?usp=share_link\" target=\"_blank\">Analysis of Hot Air Circulation Blower by Condition Monitoring Tool<br><\/a>Rohini kumar Ch, B.S.Rao; Dadi Institute of Engineering &amp; Technology.<br>Page No:24-31<a rel=\"noreferrer noopener\" href=\"https:\/\/drive.google.com\/file\/d\/1jTAvxLbT6shmdIQTmRJnhliIAwUOUlCY\/view?usp=share_link\" target=\"_blank\"><br>DOI:16.0002.AD.2021.V9I4.000346.00855<\/a><br><\/li>\n\n\n\n<li><a href=\"https:\/\/drive.google.com\/file\/d\/14l1m8s_mxOto6wg4ZHh315nDxsiuabBw\/view?usp=share_link\" target=\"_blank\" rel=\"noreferrer noopener\">Erdflechtengesellschaften von Corynephorus canescens Trockenrasen in Norditalien<br><\/a>Gabriele Gheza, Silvia Assini &amp; Mariagrazia Valcuvia Passadore; University of Pavia, via S. Epifanio 14, 27100 Pavia, Italy,<br>Page No:32-53<a href=\"https:\/\/drive.google.com\/file\/d\/14l1m8s_mxOto6wg4ZHh315nDxsiuabBw\/view?usp=share_link\" target=\"_blank\" rel=\"noreferrer noopener\"><br>DOI:16.0002.AD.2021.V9I4.000346.00856<\/a><\/li>\n<\/ol>\n\n\n\n<ol class=\"wp-block-list\" start=\"6\">\n<li><a href=\"http:\/\/ejahan.eu\/wp-content\/uploads\/2024\/03\/6-ADJ-APRIL-2021-24236.pdf\" data-type=\"link\" data-id=\"http:\/\/ejahan.eu\/wp-content\/uploads\/2024\/03\/6-ADJ-APRIL-2021-24236.pdf\">Conundrum Betwixt Sustainable Development and Entrepreneurship: The Way Forward<br><\/a>Dr. Mayengbam Nandakishwor Singh, Assistant Professor; Manipur University, Imphal<br>Page No:54-60<a href=\"http:\/\/ejahan.eu\/wp-content\/uploads\/2024\/03\/6-ADJ-APRIL-2021-24236.pdf\" data-type=\"link\" data-id=\"http:\/\/ejahan.eu\/wp-content\/uploads\/2024\/03\/6-ADJ-APRIL-2021-24236.pdf\"><br>DOI:16.0002.AD.2021.V9I4.000346.00857<\/a><\/li>\n<\/ol>\n","protected":false},"excerpt":{"rendered":"","protected":false},"author":1,"featured_media":0,"parent":0,"menu_order":0,"comment_status":"closed","ping_status":"closed","template":"","meta":{"footnotes":""},"class_list":["post-1017","page","type-page","status-publish","hentry"],"_links":{"self":[{"href":"http:\/\/ejahan.eu\/index.php\/wp-json\/wp\/v2\/pages\/1017","targetHints":{"allow":["GET"]}}],"collection":[{"href":"http:\/\/ejahan.eu\/index.php\/wp-json\/wp\/v2\/pages"}],"about":[{"href":"http:\/\/ejahan.eu\/index.php\/wp-json\/wp\/v2\/types\/page"}],"author":[{"embeddable":true,"href":"http:\/\/ejahan.eu\/index.php\/wp-json\/wp\/v2\/users\/1"}],"replies":[{"embeddable":true,"href":"http:\/\/ejahan.eu\/index.php\/wp-json\/wp\/v2\/comments?post=1017"}],"version-history":[{"count":2,"href":"http:\/\/ejahan.eu\/index.php\/wp-json\/wp\/v2\/pages\/1017\/revisions"}],"predecessor-version":[{"id":1453,"href":"http:\/\/ejahan.eu\/index.php\/wp-json\/wp\/v2\/pages\/1017\/revisions\/1453"}],"wp:attachment":[{"href":"http:\/\/ejahan.eu\/index.php\/wp-json\/wp\/v2\/media?parent=1017"}],"curies":[{"name":"wp","href":"https:\/\/api.w.org\/{rel}","templated":true}]}}